{"id":758,"date":"2023-06-04T11:14:15","date_gmt":"2023-06-04T11:14:15","guid":{"rendered":"https:\/\/dormedradzyn.pl\/?page_id=758"},"modified":"2024-07-05T20:47:04","modified_gmt":"2024-07-05T20:47:04","slug":"elementor-758","status":"publish","type":"page","link":"https:\/\/dormedradzyn.pl\/index.php\/elementor-758\/","title":{"rendered":"Aktualno\u015bci"},"content":{"rendered":"<style>\/*! elementor - v3.20.0 - 20-03-2024 *\/\n.elementor-heading-title{padding:0;margin:0;line-height:1}.elementor-widget-heading .elementor-heading-title[class*=elementor-size-]>a{color:inherit;font-size:inherit;line-height:inherit}.elementor-widget-heading .elementor-heading-title.elementor-size-small{font-size:15px}.elementor-widget-heading .elementor-heading-title.elementor-size-medium{font-size:19px}.elementor-widget-heading .elementor-heading-title.elementor-size-large{font-size:29px}.elementor-widget-heading .elementor-heading-title.elementor-size-xl{font-size:39px}.elementor-widget-heading .elementor-heading-title.elementor-size-xxl{font-size:59px}<\/style>\n<h2>Aktualno\u015bci<\/h2>\n<p>B\u0105d\u017a na bie\u017c\u0105co obserwuj nas na FB&nbsp;<a href=\"https:\/\/www.facebook.com\/share\/CRbFF83cWA5zBKND\/\" target=\"_blank\" style=\"font-size: 22px; background-color: rgb(255, 255, 255);\" rel=\"noopener\">&#8230;.kliknij<\/a><\/p>\n<\/p>\n<h1 data-pl=\"product-title\" data-spm-anchor-id=\"a2g0o.detail.0.i10.1350fv91fv91uO\">&nbsp;<\/h1>\n<style>\/*! elementor - v3.20.0 - 20-03-2024 *\/\n.elementor-widget-image{text-align:center}.elementor-widget-image a{display:inline-block}.elementor-widget-image a img[src$=\".svg\"]{width:48px}.elementor-widget-image img{vertical-align:middle;display:inline-block}<\/style>\n<p>\t\t\t\t\t\t\t\t\t\t<img fetchpriority=\"high\" decoding=\"async\" width=\"1557\" height=\"2272\" src=\"https:\/\/dormedradzyn.pl\/wp-content\/uploads\/2023\/10\/opieka-koord.jpg\" alt=\"\" srcset=\"https:\/\/dormedradzyn.pl\/wp-content\/uploads\/2023\/10\/opieka-koord.jpg 1557w, https:\/\/dormedradzyn.pl\/wp-content\/uploads\/2023\/10\/opieka-koord-206x300.jpg 206w, https:\/\/dormedradzyn.pl\/wp-content\/uploads\/2023\/10\/opieka-koord-702x1024.jpg 702w, https:\/\/dormedradzyn.pl\/wp-content\/uploads\/2023\/10\/opieka-koord-768x1121.jpg 768w, https:\/\/dormedradzyn.pl\/wp-content\/uploads\/2023\/10\/opieka-koord-1053x1536.jpg 1053w, https:\/\/dormedradzyn.pl\/wp-content\/uploads\/2023\/10\/opieka-koord-1403x2048.jpg 1403w\" sizes=\"(max-width: 1557px) 100vw, 1557px\" \/>\t\t\t\t\t\t\t\t\t\t\t\t\t<\/p>\n<h2>Profilaktyka chor\u00f3b uk\u0142adu kr\u0105\u017cenia (CHUK)<\/h2>\n<h1>\n<p>Choroby uk\u0142adu kr\u0105\u017cenia to g\u0142\u00f3wna przyczyna zgon\u00f3w w Polsce i na<br \/>\n\u015bwiecie. Zmiana stylu \u017cycia oraz wczesna diagnostyka mog\u0105 odwr\u00f3ci\u0107 ten<br \/>\nniekorzystny&nbsp;trend<\/p>\n<p>Mimo coraz lepszej diagnostyki i nowocze\u015bniejszych metod leczenia<br \/>\n umieralno\u015b\u0107 w Polsce z powodu chor\u00f3b uk\u0142adu kr\u0105\u017cenia nale\u017cy do<br \/>\nnajwy\u017cszych w Europie. Na ich rozw\u00f3j wp\u0142ywa wiele czynnik\u00f3w zwi\u0105zanych<br \/>\nze wsp\u00f3\u0142czesnym stylem \u017cycia, m.in.: nieodpowiednia dieta, palenie<br \/>\ntytoniu i picie alkoholu, stres czy brak lub niewystarczaj\u0105ca ilo\u015b\u0107<br \/>\naktywno\u015bci fizycznej. D\u0142ugotrwa\u0142e nara\u017cenie na te czynniki mo\u017ce<br \/>\nprowadzi\u0107 do licznych zaburze\u0144, m.in.: dyslipidemii, oty\u0142o\u015bci, cukrzycy<br \/>\nczy nadci\u015bnienia t\u0119tniczego krwi. Tylko przez wyeliminowanie<br \/>\nniew\u0142a\u015bciwych nawyk\u00f3w, mo\u017cemy w du\u017cym stopniu zminimalizowa\u0107<br \/>\nryzyko&nbsp;zachorowania.<\/p>\n<p>Dla os\u00f3b szczeg\u00f3lnie nara\u017conych na choroby uk\u0142adu kr\u0105\u017cenia zosta\u0142 opracowany Program Profilaktyki Chor\u00f3b Uk\u0142adu Kr\u0105\u017cenia (CHUK),<br \/>\n kt\u00f3ry ma na celu podniesienie wiedzy i \u015bwiadomo\u015bci pacjent\u00f3w na temat<br \/>\nchor\u00f3b uk\u0142adu kr\u0105\u017cenia i zdrowego stylu \u017cycia, ale przede wszystkim<br \/>\nzmniejszenie o 20 proc. zachorowalno\u015bci i umieralno\u015bci Polak\u00f3w z powodu<br \/>\nchor\u00f3b uk\u0142adu&nbsp;kr\u0105\u017cenia.<\/p>\n<\/h1>\n<h1>Czy program jest dla&nbsp;Ciebie<\/h1>\n<h1>\n<\/p>\n<p>Program profilaktyki ChUK jest dla Ciebie, je\u015bli spe\u0142niasz wszystkie te&nbsp;warunki:<\/p>\n<ul>\n<li>masz od 35 do 65&nbsp;lat<\/li>\n<li>nie masz cukrzycy, przewlek\u0142ej choroby nerek, rodzinnej<br \/>\nhipercholesterolemii ani niekt\u00f3rych chor\u00f3b uk\u0142adu kr\u0105\u017cenia (je\u015bli na nie<br \/>\n chorujesz, dowiesz si\u0119 od lekarza, czy mo\u017cesz wzi\u0105\u0107 udzia\u0142 w&nbsp;programie)<\/li>\n<li>nie korzysta\u0142e\u015b lub nie korzysta\u0142a\u015b z bada\u0144 w ramach tego programu w ci\u0105gu ostatnich 5&nbsp;lat.<\/li>\n<\/ul>\n<\/h1>\n<h1>Cel&nbsp;programu<\/h1>\n<h1>\n<ul>\n<li>obni\u017cenie o ok. 20 % zachorowalno\u015bci i umieralno\u015bci z powodu<br \/>\nchor\u00f3b uk\u0142adu kr\u0105\u017cenia os\u00f3b obj\u0119tych programem dzi\u0119ki wczesnemu<br \/>\nwykrywaniu i redukcji wyst\u0119powania i nat\u0119\u017cenia czynnik\u00f3w&nbsp;ryzyka<\/li>\n<li>zwi\u0119kszenie wykrywalno\u015bci i skuteczno\u015bci leczenia chor\u00f3b uk\u0142adu kr\u0105\u017cenia (CHUK)<\/li>\n<li>wczesna identyfikacja os\u00f3b z podwy\u017cszonym ryzykiem CHUK<\/li>\n<li>promocja zdrowego stylu \u017cycia, czyli niepalenia, prawid\u0142owego od\u017cywiania si\u0119 oraz &nbsp;aktywno\u015bci&nbsp;fizycznej.<\/li>\n<\/ul>\n<\/h1>\n<h1>Kto i gdzie realizuje&nbsp;program?<\/h1>\n<h1>\n<p>Program jest realizowany przez lekarza lub piel\u0119gniark\u0119 podstawowej<br \/>\nopieki zdrowotnej. Wszystkie poradnie podstawowej opieki zdrowotnej maj\u0105<br \/>\n obowi\u0105zek realizacji&nbsp;programu.<\/p>\n<\/h1>\n<h1>Jak si\u0119&nbsp;zg\u0142osi\u0107?<\/h1>\n<h1>\n<p>\u015awiadczenia w ramach programu udzielane s\u0105 bez skierowania. Wystarczy zg\u0142osi\u0107 si\u0119 do swojego lekarza pierwszego&nbsp;kontaktu.<\/p>\n<\/h1>\n<h1>Co Ci\u0119 czeka w ramach&nbsp;programu?<\/h1>\n<h1>\n<p>Lekarz lub piel\u0119gniarka przeprowadzi z Tob\u0105 wywiad i skieruje Ci\u0119 na<br \/>\nbadania (pomiar ci\u015bnienia t\u0119tniczego krwi oraz badania biochemiczne). Na<br \/>\n ich podstawie lekarz dokona oceny ryzyka wyst\u0105pienia chor\u00f3b uk\u0142adu<br \/>\nkr\u0105\u017cenia oraz wska\u017ce, w zale\u017cno\u015bci od potrzeb, dalsze&nbsp;zalecenia:<\/p>\n<ul>\n<li>ponownego badania za 5&nbsp;lat<\/li>\n<li>edukacji zdrowotnej i ponownego badania za 5&nbsp;lat<\/li>\n<li>pozostawienia pacjenta pod kontrol\u0105 lekarza POZ poza&nbsp;programem<\/li>\n<li>skierowania na dalsze leczenie do&nbsp;specjalisty.<\/li>\n<\/ul>\n<\/h1>\n<h1>Kiedy si\u0119&nbsp;zapisa\u0107?<\/h1>\n<h1>\n<p>\u017beby wzi\u0105\u0107 udzia\u0142 w programie, wystarczy, \u017ce zg\u0142osisz taki zamiar swojemu lekarzowi pierwszego kontaktu lub&nbsp;piel\u0119gniarce.<\/p>\n<\/h1>\n<h1>Co&nbsp;przygotowa\u0107?<\/h1>\n<h1>\n<p>Na wizyt\u0119 we\u017a ze sob\u0105 jedynie dokument&nbsp;to\u017csamo\u015bci.<\/p>\n<\/h1>\n<h1>Jak d\u0142ugo b\u0119dziesz&nbsp;czeka\u0107?<\/h1>\n<h1>\n<p>Termin zostanie wyznaczony w rejestracji zgodnie z dost\u0119pno\u015bci\u0105<br \/>\nlekarza pierwszego kontaktu lub piel\u0119gniarki w danej plac\u00f3wce&nbsp;medycznej.<\/p>\n<\/h1>\n<h1>Co&nbsp;zyskasz?<\/h1>\n<h1>\n<p>Podniesiesz swoj\u0105 wiedz\u0119 na temat chor\u00f3b uk\u0142adu kr\u0105\u017cenia oraz<br \/>\nzdrowego stylu \u017cycia, a je\u017celi zostaniesz zakwalifikowany do grupy<br \/>\npodwy\u017cszonego ryzyka, b\u0119dziesz mia\u0142 szans\u0119 na wczesne wykrycie choroby i<br \/>\n zapewnione skuteczne leczenie specjalistyczne.&nbsp;&nbsp;<\/p>\n<\/h1>\n<h1>Szczeg\u00f3\u0142owe informacje o&nbsp;programie<\/h1>\n<h1>\n<p>Wi\u0119cej informacji dotycz\u0105cych gwarantowanych \u015bwiadcze\u0144 w ramach profilaktyki chor\u00f3b uk\u0142adu kr\u0105\u017cenia znajdziesz w <a href=\"https:\/\/isap.sejm.gov.pl\/isap.nsf\/DocDetails.xsp?id=WDU20210000540\" target=\"_blank\" rel=\"noopener\"><u>Obwieszczeniu Ministra Zdrowia z dnia 15 lutego 2021 r. w sprawie og\u0142oszenia<br \/>\njednolitego tekstu rozporz\u0105dzenia Ministra Zdrowia w sprawie \u015bwiadcze\u0144<br \/>\ngwarantowanych z zakresu podstawowej opieki zdrowotnej (Dz.U. z 2021 r.<br \/>\npoz. 540)<\/u><\/a><br \/>O najnowszych zmianach w programie m\u00f3wi <a href=\"https:\/\/isap.sejm.gov.pl\/isap.nsf\/DocDetails.xsp?id=WDU20220001355\" target=\"_blank\" rel=\"noopener\">Rozporz\u0105dzenie<br \/>\n Ministra Zdrowia z dnia 24 czerwca 2022 r. zmieniaj\u0105ce rozporz\u0105dzenie w<br \/>\n sprawie \u015bwiadcze\u0144 gwarantowanych z zakresu podstawowej opieki<br \/>\nzdrowotnej (Dz.U. z 2022 r. poz.&nbsp;1355)<\/a><\/p>\n<\/h1>\n<h1>Instytucja odpowiedzialna za&nbsp;Program<\/h1>\n<h1>\n<p>Narodowy Fundusz&nbsp;Zdrowia<\/p>\n<\/h1>\n<h1>Podstawa&nbsp;prawna<\/h1>\n<h1>\n<p>\u015awiadczenia opieki zdrowotnej zwi\u0105zane z profilaktyk\u0105 chor\u00f3b uk\u0142adu kr\u0105\u017cenia s\u0105 finansowane zgodnie z <a href=\"https:\/\/baw.nfz.gov.pl\/NFZ\/document\/349\/Zarz%C4%85dzenie-79_2022_DSOZ\" target=\"_blank\" rel=\"noopener\"><u>Zarz\u0105dzeniem Nr 79\/2022\/DSOZ<br \/>\n Prezesa Narodowego Funduszu Zdrowia z dnia 29 czerwca 2022 r. w sprawie<br \/>\n warunk\u00f3w zawarcia i&nbsp;realizacji um\u00f3w o&nbsp;udzielanie \u015bwiadcze\u0144 opieki<br \/>\nzdrowotnej w&nbsp;rodzaju podstawowa<\/u><\/a><\/p>\n<\/h1>\n<h1>OKOBUS<\/h1>\n<h1>28 lipca 2023&nbsp;<\/h1>\n<p>Zapraszamy Pacjent\u00f3w z cukrzyc\u0105 typu 1 i 2 lub ze stanem przedcukrzycowym na bezp\u0142atne badania w kierunku wykrycia retinopatii cukrzycowej i cukrzycowego obrz\u0119ku plamki.<\/p>\n<h3>Dlaczego warto si\u0119 bada\u0107?<\/h3>\n<p>Drodzy Pacjenci, czy wiecie, \u017ce:<\/p>\n<ul>\n<li><strong>wzrok jest g\u0142\u00f3wnym narz\u0105dem zmys\u0142u cz\u0142owieka<\/strong>&nbsp;&#8211; oko\u0142o 80% wszystkich informacji, kt\u00f3re otrzymuje m\u00f3zg, pochodzi z oczu,<\/li>\n<li>osoba chora na cukrzyc\u0119 ma oko\u0142o&nbsp;<strong>25-krotnie wy\u017csze ryzyko utraty wzroku<\/strong>&nbsp;ni\u017c jej r\u00f3wie\u015bnik bez cukrzycy,<\/li>\n<li><strong>cukrzyca atakuje podst\u0119pnie<\/strong>&nbsp;&#8211; chory nie odczuwa b\u00f3lu, zaczerwienienia oczu, a nawet pogorszenia widzenia, do kt\u00f3rego dochodzi niespodziewanie &#8211; wtedy&nbsp;<strong>leczenie mo\u017ce by\u0107 trudne i nie zawsze w pe\u0142ni skuteczne<\/strong>.<\/li>\n<\/ul>\n<p>Powik\u0142ania oczne cukrzycy s\u0105 jedn\u0105 z g\u0142\u00f3wnych przyczyn utraty widzenia w\u015br\u00f3d doros\u0142ych. Warunkiem skutecznego leczenia jest wczesne rozpoznanie powik\u0142a\u0144, zanim dojdzie do pogorszenia widzenia. Rozwi\u0105zaniem tego problemu, wzorem innych kraj\u00f3w np. USA czy Wielkiej Brytanii mog\u0105 by\u0107 powszechne przesiewowe badania okulistyczne przeprowadzane przy wykorzystaniu telemedycyny.<\/p>\n<h3>Jak to robimy?<\/h3>\n<p>Planowane przez nas badania opieraj\u0105 si\u0119 na nieinwazyjnych metodach diagnostycznych: kolorowej fotografii dna oka, optycznej koherentnej tomografii (OCT) oraz angiografii optycznej tomografii (angioOCT), kt\u00f3re s\u0105 zalecane przez towarzystwa naukowe do wykrywania retinopatii cukrzycowej i cukrzycowego obrz\u0119ku plamki.<\/p>\n<p>Badania b\u0119d\u0105 wykonywane przez przeszkolony personel: piel\u0119gniarki i technik\u00f3w w specjalnym busie, kt\u00f3ry dojedzie do wyznaczonych punkt\u00f3w w pobli\u017cu Pa\u0144stwa miejsca zamieszkania. Badanie jest bezpieczne i bezbolesne, a \u017arenice nie b\u0119d\u0105 rozszerzane. Dzi\u0119ki zastosowaniu nowoczesnych technologii (zapewnionych przez Instytut \u0141\u0105czno\u015bci &#8211; Pa\u0144stwowy Instytut Badawczy w Warszawie) mo\u017cliwe b\u0119dzie bezpieczne przesy\u0142anie danych obrazowych do oceny przez okulist\u0119, posiadaj\u0105cego do\u015bwiadczenie w leczeniu schorze\u0144 siatk\u00f3wki. Zostaniecie Pa\u0144stwo poinformowani przez lekarza POZ o wyniku badania.<\/p>\n<p><a href=\"https:\/\/www.gov.pl\/web\/okobus\/harmonogram\">Harmonogram wizyt Okobusa<\/a><\/p>\n<h3>Co dalej?<\/h3>\n<p>Je\u015bli konieczne b\u0119dzie pe\u0142ne badanie okulistyczne lekarz rodzinny wystawi skierowanie do okulisty. Osoby ch\u0119tne b\u0119d\u0105 mog\u0142y zarejestrowa\u0107 si\u0119 na badanie w Katedrze i Klinice Okulistyki Og\u00f3lnej i Dzieci\u0119cej Uniwersytetu Medycznego w Lublinie, przy ul. Chmielnej 1, po wcze\u015bniejszym um\u00f3wieniu wizyty w Rejestracji Kliniki. B\u0119dzie podany specjalny numer telefonu, pod kt\u00f3rym b\u0119dzie dy\u017curowa\u0142a osoba odpowiedzialna za wyznaczanie pilnych termin\u00f3w bada\u0144 w Klinice.<\/p>\n<h3>Rekrutacja uczestnik\u00f3w badania<\/h3>\n<p>Chorzy na badania b\u0119d\u0105 kierowani przez lekarzy rodzinnych. Badania zostan\u0105 wykonane bezp\u0142atnie, w wyznaczonych przez lekarzy miejscach, po wcze\u015bniejszym ustaleniu. Nadz\u00f3r organizacyjny b\u0119dzie sprawowany przez Koordynatora Terenowego Bada\u0144:<\/p>\n<p>W celu zapisania si\u0119 na badanie w Radzyniu Podlaskim skontaktuj si\u0119 z przychodni\u0105<\/p>\n<p>DORMED&nbsp;<\/p>\n<p>tel 83 352 61 45<\/p>\n<h1><strong>Szczepienia przeciw HPV<\/strong><\/h1>\n<h2>Program bezp\u0142atnych szczepie\u0144 przeciw HPV<\/h2>\n<p>Powszechny program szczepie\u0144 przeciw HPV realizuje za\u0142o\u017cenia i cele Narodowej Strategii Onkologicznej na lata 2020-2030. Uzupe\u0142nia bezp\u0142atny program szczepie\u0144 ochronnych dla dzieci i m\u0142odzie\u017cy o szczepienie, kt\u00f3re chroni przed chorobami wywo\u0142anymi przez HPV.<\/p>\n<p>HPV (Human Papilloma Virus) to nazwa ludzkiego wirusa brodawczaka. HPV odpowiada za zachorowania na raka szyjki macicy, a tak\u017ce inne choroby nowotworowe.<\/p>\n<p>Przed zaka\u017ceniem HPV mo\u017ce uchroni\u0107 szczepionka. Szczepienie jest najskuteczniejsze, je\u015bli nast\u0105pi przed potencjalnym nara\u017ceniem na zaka\u017cenie HPV, do kt\u00f3rego dochodzi g\u0142\u00f3wnie drog\u0105 kontakt\u00f3w seksualnych. Dlatego powszechne programy szczepie\u0144 przeciw HPV najcz\u0119\u015bciej wskazuj\u0105 na dziewczynki i ch\u0142opc\u00f3w w wieku 12-13 lat.<\/p>\n<p>W Polsce w powszechnym programie szczepie\u0144 przeciw HPV bezp\u0142atnie dost\u0119pne s\u0105 2 szczepionki: 2-walentana szczepionka Cervarix i 9-walentna szczepionka Gardasil 9.<\/p>\n<h3>Do kogo kierowany jest Program<\/h3>\n<p>Powszechny program bezp\u0142atnych szczepie\u0144 przeciw HPV jest skierowany do dziewcz\u0105t i ch\u0142opc\u00f3w w wieku 12 i 13 lat.<\/p>\n<p>W roku 2023 ze szczepie\u0144 mog\u0105 skorzysta\u0107 dzieci urodzone w 2010 i 2011 r.<\/p>\n<p>Szczepienia przeciw HPV dla dziewcz\u0105t i ch\u0142opc\u00f3w w wieku 12 i 13 lat podawane s\u0105 w dw\u00f3ch dawkach. Odst\u0119p mi\u0119dzy tymi dawkami wynosi od 6 do 12 miesi\u0119cy.<\/p>\n<h3>Jak zapisa\u0107 dziecko na szczepienie<\/h3>\n<p>Aby zapisa\u0107 dziecko na szczepienie przeciw HPV wystarczy um\u00f3wi\u0107 wizyt\u0119:<\/p>\n<ul>\n<li>w przychodni : zadzwo\u0144 do przychodni DORMED nr tel 833526145<\/li>\n<li>przez infolini\u0119 989 (7 dni w tygodniu od godz. 7:00 do 20:00),<\/li>\n<li>przez&nbsp;<a href=\"https:\/\/pacjent.gov.pl\/internetowe-konto-pacjenta#jak-sie-zalogowac\">Internetowe Konto Pacjenta (IKP)<\/a>.<\/li>\n<\/ul>\n<p>Je\u017celi spe\u0142niasz warunki programu skontaktuj si\u0119 z nami.<\/p>\n<p>833526145<\/p>\n<p><strong>OPIEKA KOORDYNOWANA<\/strong><\/p>\n<p>Opieka koordynowana dla pacjent\u00f3w to podej\u015bcie medyczne, kt\u00f3re ma na celu zapewnienie kompleksowej opieki zdrowotnej poprzez koordynacj\u0119 r\u00f3\u017cnych us\u0142ug i specjalist\u00f3w medycznych dla danej osoby. Jest to szczeg\u00f3lnie istotne w przypadku pacjent\u00f3w, kt\u00f3rzy maj\u0105 r\u00f3\u017cne problemy zdrowotne i potrzebuj\u0105 opieki od wielu specjalist\u00f3w.<\/p>\n<p>G\u0142\u00f3wnym celem opieki koordynowanej jest zapewnienie sp\u00f3jno\u015bci i ci\u0105g\u0142o\u015bci opieki pacjentowi. Cz\u0119sto jest to realizowane poprzez powo\u0142anie koordynatora opieki, kt\u00f3ry jest odpowiedzialny za monitorowanie i zarz\u0105dzanie ca\u0142ym procesem opieki. Koordynator opieki dzia\u0142a jako po\u015brednik mi\u0119dzy pacjentem a r\u00f3\u017cnymi specjalistami medycznymi, koordynuj\u0105c terminy wizyt, przekazywanie informacji o stanie zdrowia pacjenta oraz dbaj\u0105c o to, \u017ceby wszystkie aspekty opieki by\u0142y zsynchronizowane.<\/p>\n<p>Opieka koordynowana obejmuje zar\u00f3wno opiek\u0119 podstawow\u0105, jak i specjalistyczn\u0105. Pacjent ma dost\u0119p do r\u00f3\u017cnych specjalist\u00f3w, takich jak lekarze pierwszego kontaktu, specjali\u015bci od chor\u00f3b przewlek\u0142ych, lekarze specjali\u015bci, piel\u0119gniarki, fizjoterapeuci, psychologowie i inni, w zale\u017cno\u015bci od swoich indywidualnych potrzeb. Koordynator opieki dzia\u0142a jako osoba, kt\u00f3ra monitoruje post\u0119py pacjenta, dostosowuje plan opieki do zmieniaj\u0105cych si\u0119 potrzeb oraz koordynuje wsp\u00f3\u0142prac\u0119 mi\u0119dzy r\u00f3\u017cnymi specjalistami.<\/p>\n<p>W opiece koordynowanej istotne jest r\u00f3wnie\u017c uwzgl\u0119dnienie aspekt\u00f3w spo\u0142ecznych i psychologicznych. Koordynator opieki pomaga pacjentowi w znalezieniu dodatkowych zasob\u00f3w wsparcia spo\u0142ecznego i psychologicznego, je\u015bli to konieczne. W ten spos\u00f3b zapewniana jest kompleksowa opieka, kt\u00f3ra uwzgl\u0119dnia ca\u0142o\u015bciowe potrzeby pacjenta.<\/p>\n<p>Zalet\u0105 opieki koordynowanej jest poprawa jako\u015bci opieki zdrowotnej i wynik\u00f3w leczenia. Dzi\u0119ki koordynacji r\u00f3\u017cnych aspekt\u00f3w opieki, pacjent otrzymuje sp\u00f3jne, skoordynowane i spersonalizowane podej\u015bcie do swojego leczenia. Redukuje si\u0119 ryzyko powt\u00f3rnych bada\u0144, niepotrzebnych wizyt, a tak\u017ce niedopasowania w leczeniu. Dodatkowo, opieka koordynowana mo\u017ce pom\u00f3c pacjentowi w lepszym zarz\u0105dzaniu swoim stanem zdrowia i zwi\u0119kszy\u0107 zaufanie do systemu opieki zdrowotnej.<\/p>\n<p>Opieka koordynowana dla pacjent\u00f3w jest istotnym elementem nowoczesnego systemu opieki zdrowotnej, kt\u00f3ry ma na celu popraw\u0119 dost\u0119pu do opieki, jako\u015bci \u015bwiadcze\u0144 medycznych i koordynacji us\u0142ug.<\/p>\n<p><strong>Do\u0142\u0105cz do przychodni DORMED aby zapewni\u0107 sobie opiek\u0119 na najwy\u017cszym poziomie<\/strong><\/p>\n<p>\t\t\t\t\t\t\t\t\t\t\t\t\t\t<a href=\"https:\/\/dormedradzyn.pl\/\"><br \/>\n\t\t\t\t\t\t\t<img decoding=\"async\" width=\"1024\" height=\"262\" src=\"https:\/\/dormedradzyn.pl\/wp-content\/uploads\/2023\/08\/Dormed-Dbamy-o-Twoje-Zdrowie-color2-NEW-FULLgood-Mis-1024x262.png\" alt=\"\" srcset=\"https:\/\/dormedradzyn.pl\/wp-content\/uploads\/2023\/08\/Dormed-Dbamy-o-Twoje-Zdrowie-color2-NEW-FULLgood-Mis-1024x262.png 1024w, https:\/\/dormedradzyn.pl\/wp-content\/uploads\/2023\/08\/Dormed-Dbamy-o-Twoje-Zdrowie-color2-NEW-FULLgood-Mis-300x77.png 300w, https:\/\/dormedradzyn.pl\/wp-content\/uploads\/2023\/08\/Dormed-Dbamy-o-Twoje-Zdrowie-color2-NEW-FULLgood-Mis-768x196.png 768w, https:\/\/dormedradzyn.pl\/wp-content\/uploads\/2023\/08\/Dormed-Dbamy-o-Twoje-Zdrowie-color2-NEW-FULLgood-Mis-1536x393.png 1536w, https:\/\/dormedradzyn.pl\/wp-content\/uploads\/2023\/08\/Dormed-Dbamy-o-Twoje-Zdrowie-color2-NEW-FULLgood-Mis.png 1681w\" sizes=\"(max-width: 1024px) 100vw, 1024px\" \/>\t\t\t\t\t\t\t\t<\/a><\/p>\n<h2>ZADZWO\u0143 JU\u017b TERAZ ABY UM\u00d3WI\u0106 WIZYT\u0118<\/h2>\n<h2>83 352 61 45<\/h2>\n<h2>rejestracja@dormedradzyn.pl<\/h2>\n","protected":false},"excerpt":{"rendered":"<p>Aktualno\u015bci B\u0105d\u017a na bie\u017c\u0105co obserwuj nas na FB&nbsp;&#8230;.kliknij &nbsp; Profilaktyka chor\u00f3b uk\u0142adu kr\u0105\u017cenia (CHUK) Choroby uk\u0142adu kr\u0105\u017cenia to g\u0142\u00f3wna przyczyna zgon\u00f3w w Polsce i na \u015bwiecie. Zmiana stylu \u017cycia oraz wczesna diagnostyka mog\u0105 odwr\u00f3ci\u0107 ten niekorzystny&nbsp;trend Mimo coraz lepszej diagnostyki i nowocze\u015bniejszych metod leczenia umieralno\u015b\u0107 w Polsce z powodu chor\u00f3b uk\u0142adu kr\u0105\u017cenia nale\u017cy do najwy\u017cszych [&hellip;]<\/p>\n","protected":false},"author":1,"featured_media":0,"parent":0,"menu_order":0,"comment_status":"closed","ping_status":"closed","template":"","meta":{"ocean_post_layout":"full-width","ocean_both_sidebars_style":"","ocean_both_sidebars_content_width":0,"ocean_both_sidebars_sidebars_width":0,"ocean_sidebar":"0","ocean_second_sidebar":"0","ocean_disable_margins":"on","ocean_add_body_class":"","ocean_shortcode_before_top_bar":"","ocean_shortcode_after_top_bar":"","ocean_shortcode_before_header":"","ocean_shortcode_after_header":"","ocean_has_shortcode":"","ocean_shortcode_after_title":"","ocean_shortcode_before_footer_widgets":"","ocean_shortcode_after_footer_widgets":"","ocean_shortcode_before_footer_bottom":"","ocean_shortcode_after_footer_bottom":"","ocean_display_top_bar":"off","ocean_display_header":"on","ocean_header_style":"transparent","ocean_center_header_left_menu":"0","ocean_custom_header_template":"0","ocean_custom_logo":533,"ocean_custom_retina_logo":0,"ocean_custom_logo_max_width":0,"ocean_custom_logo_tablet_max_width":0,"ocean_custom_logo_mobile_max_width":0,"ocean_custom_logo_max_height":0,"ocean_custom_logo_tablet_max_height":0,"ocean_custom_logo_mobile_max_height":0,"ocean_header_custom_menu":"6","ocean_menu_typo_font_family":"0","ocean_menu_typo_font_subset":"","ocean_menu_typo_font_size":0,"ocean_menu_typo_font_size_tablet":0,"ocean_menu_typo_font_size_mobile":0,"ocean_menu_typo_font_size_unit":"px","ocean_menu_typo_font_weight":"","ocean_menu_typo_font_weight_tablet":"","ocean_menu_typo_font_weight_mobile":"","ocean_menu_typo_transform":"","ocean_menu_typo_transform_tablet":"","ocean_menu_typo_transform_mobile":"","ocean_menu_typo_line_height":0,"ocean_menu_typo_line_height_tablet":0,"ocean_menu_typo_line_height_mobile":0,"ocean_menu_typo_line_height_unit":"","ocean_menu_typo_spacing":0,"ocean_menu_typo_spacing_tablet":0,"ocean_menu_typo_spacing_mobile":0,"ocean_menu_typo_spacing_unit":"","ocean_menu_link_color":"","ocean_menu_link_color_hover":"","ocean_menu_link_color_active":"","ocean_menu_link_background":"","ocean_menu_link_hover_background":"","ocean_menu_link_active_background":"","ocean_menu_social_links_bg":"","ocean_menu_social_hover_links_bg":"","ocean_menu_social_links_color":"","ocean_menu_social_hover_links_color":"","ocean_disable_title":"on","ocean_disable_heading":"default","ocean_post_title":"","ocean_post_subheading":"","ocean_post_title_style":"","ocean_post_title_background_color":"","ocean_post_title_background":0,"ocean_post_title_bg_image_position":"","ocean_post_title_bg_image_attachment":"","ocean_post_title_bg_image_repeat":"","ocean_post_title_bg_image_size":"","ocean_post_title_height":0,"ocean_post_title_bg_overlay":0.5,"ocean_post_title_bg_overlay_color":"","ocean_disable_breadcrumbs":"default","ocean_breadcrumbs_color":"","ocean_breadcrumbs_separator_color":"","ocean_breadcrumbs_links_color":"","ocean_breadcrumbs_links_hover_color":"","ocean_display_footer_widgets":"off","ocean_display_footer_bottom":"off","ocean_custom_footer_template":"0","footnotes":""},"class_list":["post-758","page","type-page","status-publish","hentry","entry"],"_links":{"self":[{"href":"https:\/\/dormedradzyn.pl\/index.php\/wp-json\/wp\/v2\/pages\/758"}],"collection":[{"href":"https:\/\/dormedradzyn.pl\/index.php\/wp-json\/wp\/v2\/pages"}],"about":[{"href":"https:\/\/dormedradzyn.pl\/index.php\/wp-json\/wp\/v2\/types\/page"}],"author":[{"embeddable":true,"href":"https:\/\/dormedradzyn.pl\/index.php\/wp-json\/wp\/v2\/users\/1"}],"replies":[{"embeddable":true,"href":"https:\/\/dormedradzyn.pl\/index.php\/wp-json\/wp\/v2\/comments?post=758"}],"version-history":[{"count":50,"href":"https:\/\/dormedradzyn.pl\/index.php\/wp-json\/wp\/v2\/pages\/758\/revisions"}],"predecessor-version":[{"id":1307,"href":"https:\/\/dormedradzyn.pl\/index.php\/wp-json\/wp\/v2\/pages\/758\/revisions\/1307"}],"wp:attachment":[{"href":"https:\/\/dormedradzyn.pl\/index.php\/wp-json\/wp\/v2\/media?parent=758"}],"curies":[{"name":"wp","href":"https:\/\/api.w.org\/{rel}","templated":true}]}}